{"id":1336,"date":"2025-05-12T15:01:11","date_gmt":"2025-05-12T18:01:11","guid":{"rendered":"https:\/\/conteudo.martcollection.com.br\/decor\/?page_id=1336"},"modified":"2025-05-13T09:30:24","modified_gmt":"2025-05-13T12:30:24","slug":"outlet_2025","status":"publish","type":"page","link":"https:\/\/conteudo.martcollection.com.br\/decor\/outlet_2025\/","title":{"rendered":"Outlet 2025"},"content":{"rendered":"\t\t<div data-elementor-type=\"wp-page\" data-elementor-id=\"1336\" class=\"elementor elementor-1336\" data-elementor-post-type=\"page\">\n\t\t\t\t<div class=\"elementor-element elementor-element-48b4fe4 topo e-con-full e-flex e-con e-parent\" data-id=\"48b4fe4\" data-element_type=\"container\" id=\"topo\" data-settings=\"{&quot;background_background&quot;:&quot;classic&quot;}\">\n\t\t<div class=\"elementor-element elementor-element-3a91569 e-con-full e-flex e-con e-child\" data-id=\"3a91569\" data-element_type=\"container\" data-settings=\"{&quot;background_background&quot;:&quot;classic&quot;}\">\n\t\t\t\t<\/div>\n\t\t<div class=\"elementor-element elementor-element-881a09a e-con-full topo e-flex e-con e-child\" data-id=\"881a09a\" data-element_type=\"container\" id=\"topo\">\n\t\t<div class=\"elementor-element elementor-element-720eb86 e-con-full e-flex e-con e-child\" data-id=\"720eb86\" data-element_type=\"container\" data-settings=\"{&quot;background_background&quot;:&quot;classic&quot;}\">\n\t\t\t\t<div class=\"elementor-element elementor-element-99b12f1 elementor-widget__width-initial elementor-widget-mobile__width-initial elementor-widget elementor-widget-heading\" data-id=\"99b12f1\" data-element_type=\"widget\" data-widget_type=\"heading.default\">\n\t\t\t\t<div class=\"elementor-widget-container\">\n\t\t\t\t\t<h2 class=\"elementor-heading-title elementor-size-default\">INSCREVA-SE E PARTICIPE<\/h2>\t\t\t\t<\/div>\n\t\t\t\t<\/div>\n\t\t\t\t<div class=\"elementor-element elementor-element-91abe74 elementor-button-align-end elementor-widget__width-initial elementor-mobile-button-align-stretch elementor-widget-mobile__width-inherit elementor-widget elementor-widget-form\" data-id=\"91abe74\" data-element_type=\"widget\" data-settings=\"{&quot;step_next_label&quot;:&quot;Next&quot;,&quot;step_previous_label&quot;:&quot;Previous&quot;,&quot;button_width&quot;:&quot;100&quot;,&quot;step_type&quot;:&quot;number_text&quot;,&quot;step_icon_shape&quot;:&quot;circle&quot;}\" data-widget_type=\"form.default\">\n\t\t\t\t<div class=\"elementor-widget-container\">\n\t\t\t\t\t\t\t<form class=\"elementor-form\" method=\"post\" id=\"evento_outlet_2025\" name=\"evento_outlet_2025\">\n\t\t\t<input type=\"hidden\" name=\"post_id\" value=\"1336\"\/>\n\t\t\t<input type=\"hidden\" name=\"form_id\" value=\"91abe74\"\/>\n\t\t\t<input type=\"hidden\" name=\"referer_title\" value=\"Outlet 2025 - Mart - Decor\" \/>\n\n\t\t\t\t\t\t\t<input type=\"hidden\" name=\"queried_id\" value=\"1336\"\/>\n\t\t\t\n\t\t\t<div class=\"elementor-form-fields-wrapper elementor-labels-\">\n\t\t\t\t\t\t\t\t<div class=\"elementor-field-type-text elementor-field-group elementor-column elementor-field-group-nome elementor-col-100 elementor-field-required\">\n\t\t\t\t\t\t\t\t\t\t\t\t<label for=\"form-field-nome\" class=\"elementor-field-label elementor-screen-only\">\n\t\t\t\t\t\t\t\tNome\t\t\t\t\t\t\t<\/label>\n\t\t\t\t\t\t\t\t\t\t\t\t\t\t<input size=\"1\" type=\"text\" name=\"form_fields[nome]\" id=\"form-field-nome\" class=\"elementor-field elementor-size-lg  elementor-field-textual\" placeholder=\"Seu Nome...\" required=\"required\" aria-required=\"true\">\n\t\t\t\t\t\t\t\t\t\t\t<\/div>\n\t\t\t\t\t\t\t\t<div class=\"elementor-field-type-tel elementor-field-group elementor-column elementor-field-group-field_6e62032 elementor-col-100\">\n\t\t\t\t\t\t\t\t\t\t\t\t<label for=\"form-field-field_6e62032\" class=\"elementor-field-label elementor-screen-only\">\n\t\t\t\t\t\t\t\tWhatsapp\t\t\t\t\t\t\t<\/label>\n\t\t\t\t\t\t\t\t<input size=\"1\" type=\"tel\" name=\"form_fields[field_6e62032]\" id=\"form-field-field_6e62032\" class=\"elementor-field elementor-size-lg  elementor-field-textual\" placeholder=\"Whatsapp...\" pattern=\"[0-9()#&amp;+*-=.]+\" title=\"Only numbers and phone characters (#, -, *, etc) are accepted.\">\n\n\t\t\t\t\t\t<\/div>\n\t\t\t\t\t\t\t\t<div class=\"elementor-field-type-email elementor-field-group elementor-column elementor-field-group-email elementor-col-100 elementor-field-required\">\n\t\t\t\t\t\t\t\t\t\t\t\t<label for=\"form-field-email\" class=\"elementor-field-label elementor-screen-only\">\n\t\t\t\t\t\t\t\tEmail\t\t\t\t\t\t\t<\/label>\n\t\t\t\t\t\t\t\t\t\t\t\t\t\t<input size=\"1\" type=\"email\" name=\"form_fields[email]\" id=\"form-field-email\" class=\"elementor-field elementor-size-lg  elementor-field-textual\" placeholder=\"Seu E-mail..\" required=\"required\" aria-required=\"true\">\n\t\t\t\t\t\t\t\t\t\t\t<\/div>\n\t\t\t\t\t\t\t\t<div class=\"elementor-field-type-text elementor-field-group elementor-column elementor-field-group-cnpj elementor-col-100 elementor-field-required\">\n\t\t\t\t\t\t\t\t\t\t\t\t<label for=\"form-field-cnpj\" class=\"elementor-field-label elementor-screen-only\">\n\t\t\t\t\t\t\t\tCNPJ\t\t\t\t\t\t\t<\/label>\n\t\t\t\t\t\t\t\t\t\t\t\t\t\t<input size=\"1\" type=\"text\" name=\"form_fields[cnpj]\" id=\"form-field-cnpj\" class=\"elementor-field elementor-size-lg  elementor-field-textual\" placeholder=\"CNPJ:\" required=\"required\" aria-required=\"true\">\n\t\t\t\t\t\t\t\t\t\t\t<\/div>\n\t\t\t\t\t\t\t\t<div class=\"elementor-field-type-acceptance elementor-field-group elementor-column elementor-field-group-politica elementor-col-100 elementor-field-required\">\n\t\t\t\t\t\t\t<div class=\"elementor-field-subgroup\">\n\t\t\t<span class=\"elementor-field-option\">\n\t\t\t\t<input type=\"checkbox\" name=\"form_fields[politica]\" id=\"form-field-politica\" class=\"elementor-field elementor-size-lg  elementor-acceptance-field\" required=\"required\" aria-required=\"true\" checked=\"checked\">\n\t\t\t\t<label for=\"form-field-politica\">Concordo com a <a href=\"https:\/\/martcollection.com.br\/politicadeprivacidade\/\" target=\"_blank\">Pol\u00edtica de Privacidade<\/a><\/label>\t\t\t<\/span>\n\t\t<\/div>\n\t\t\t\t\t\t<\/div>\n\t\t\t\t\t\t\t\t<div class=\"elementor-field-group elementor-column elementor-field-type-submit elementor-col-100 e-form__buttons\">\n\t\t\t\t\t<button class=\"elementor-button elementor-size-md\" type=\"submit\">\n\t\t\t\t\t\t<span class=\"elementor-button-content-wrapper\">\n\t\t\t\t\t\t\t\t\t\t\t\t\t\t\t\t\t\t\t\t\t\t<span class=\"elementor-button-text\">Enviar<\/span>\n\t\t\t\t\t\t\t\t\t\t\t\t\t<\/span>\n\t\t\t\t\t<\/button>\n\t\t\t\t<\/div>\n\t\t\t<\/div>\n\t\t<\/form>\n\t\t\t\t\t\t<\/div>\n\t\t\t\t<\/div>\n\t\t\t\t<\/div>\n\t\t\t\t<\/div>\n\t\t\t\t<\/div>\n\t\t<div class=\"elementor-element elementor-element-a306de2 e-flex e-con-boxed e-con e-parent\" data-id=\"a306de2\" data-element_type=\"container\" data-settings=\"{&quot;background_background&quot;:&quot;classic&quot;}\">\n\t\t\t\t\t<div class=\"e-con-inner\">\n\t\t\t\t<div class=\"elementor-element elementor-element-240e9f5 elementor-widget elementor-widget-html\" data-id=\"240e9f5\" data-element_type=\"widget\" data-widget_type=\"html.default\">\n\t\t\t\t<div class=\"elementor-widget-container\">\n\t\t\t\t\t<!-- Google Fonts - Albert Sans -->\r\n<link href=\"https:\/\/fonts.googleapis.com\/css2?family=Albert+Sans:wght@400;500;700&display=swap\" rel=\"stylesheet\">\r\n\r\n<style>\r\n  .contador-footer {\r\n    background-color: #eeece4;\r\n    padding: 24px 0;\r\n    display: flex;\r\n    justify-content: center;\r\n    flex-wrap: wrap;\r\n    font-family: 'Albert Sans', sans-serif;\r\n    font-weight: 300;\r\n  }\r\n\r\n  .contador {\r\n    display: flex;\r\n    gap: 40px;\r\n    text-align: center;\r\n    font-weight: 300;\r\n    color: #a38a76;\r\n  }\r\n\r\n  .contador .bloco {\r\n    font-size: 32px;\r\n  }\r\n\r\n  .contador .bloco span {\r\n    display: block;\r\n    font-size: 15px;\r\n    letter-spacing: 1px;\r\n    margin-top: 6px;\r\n  }\r\n\r\n  @media (max-width: 768px) {\r\n    .contador {\r\n      gap: 24px;\r\n    }\r\n\r\n    .contador .bloco {\r\n      font-size: 30px;\r\n    }\r\n  }\r\n<\/style>\r\n\r\n<div class=\"contador-footer\">\r\n  <div class=\"contador\">\r\n    <div class=\"bloco\">\r\n      <div id=\"dias\">00<\/div>\r\n      <span>DIAS<\/span>\r\n    <\/div>\r\n    <div class=\"bloco\">\r\n      <div id=\"horas\">00<\/div>\r\n      <span>HORAS<\/span>\r\n    <\/div>\r\n    <div class=\"bloco\">\r\n      <div id=\"minutos\">00<\/div>\r\n      <span>MINUTOS<\/span>\r\n    <\/div>\r\n    <div class=\"bloco\">\r\n      <div id=\"segundos\">00<\/div>\r\n      <span>SEGUNDOS<\/span>\r\n    <\/div>\r\n  <\/div>\r\n<\/div>\r\n\r\n<script>\r\n  \/\/ Data do evento: domingo, 25 de maio de 2025 \u00e0s 10h\r\n  const dataEvento = new Date(\"2025-05-25T10:00:00\");\r\n\r\n  function atualizaContador() {\r\n    const agora = new Date();\r\n    const diferenca = dataEvento - agora;\r\n\r\n    if (diferenca <= 0) {\r\n      document.querySelector(\".contador\").innerHTML = \"Evento come\u00e7ou!\";\r\n      return;\r\n    }\r\n\r\n    const dias = Math.floor(diferenca \/ (1000 * 60 * 60 * 24));\r\n    const horas = Math.floor((diferenca \/ (1000 * 60 * 60)) % 24);\r\n    const minutos = Math.floor((diferenca \/ (1000 * 60)) % 60);\r\n    const segundos = Math.floor((diferenca \/ 1000) % 60);\r\n\r\n    document.getElementById(\"dias\").textContent = String(dias).padStart(2, '0');\r\n    document.getElementById(\"horas\").textContent = String(horas).padStart(2, '0');\r\n    document.getElementById(\"minutos\").textContent = String(minutos).padStart(2, '0');\r\n    document.getElementById(\"segundos\").textContent = String(segundos).padStart(2, '0');\r\n  }\r\n\r\n  setInterval(atualizaContador, 1000);\r\n  atualizaContador();\r\n<\/script>\r\n\t\t\t\t<\/div>\n\t\t\t\t<\/div>\n\t\t\t\t\t<\/div>\n\t\t\t\t<\/div>\n\t\t<div class=\"elementor-element elementor-element-f5de010 e-flex e-con-boxed e-con e-parent\" data-id=\"f5de010\" data-element_type=\"container\" data-settings=\"{&quot;background_background&quot;:&quot;classic&quot;}\">\n\t\t\t\t\t<div class=\"e-con-inner\">\n\t\t<div class=\"elementor-element elementor-element-7f5839d e-con-full e-flex e-con e-child\" data-id=\"7f5839d\" data-element_type=\"container\">\n\t\t\t\t<div class=\"elementor-element elementor-element-e0c6fb4 elementor-widget__width-initial elementor-widget elementor-widget-heading\" data-id=\"e0c6fb4\" data-element_type=\"widget\" data-widget_type=\"heading.default\">\n\t\t\t\t<div class=\"elementor-widget-container\">\n\t\t\t\t\t<h2 class=\"elementor-heading-title elementor-size-default\">CONHE\u00c7A A <\/h2>\t\t\t\t<\/div>\n\t\t\t\t<\/div>\n\t\t\t\t<div class=\"elementor-element elementor-element-4b15763 elementor-widget__width-initial elementor-widget elementor-widget-heading\" data-id=\"4b15763\" data-element_type=\"widget\" data-widget_type=\"heading.default\">\n\t\t\t\t<div class=\"elementor-widget-container\">\n\t\t\t\t\t<h2 class=\"elementor-heading-title elementor-size-default\"><h2 class=\"elementor-heading-title elementor-size-default elementor-inline-editing pen\" data-elementor-setting-key=\"title\" data-pen-placeholder=\"Digite aqui...\">MART WEEK<\/h2><\/h2>\t\t\t\t<\/div>\n\t\t\t\t<\/div>\n\t\t\t\t<\/div>\n\t\t<div class=\"elementor-element elementor-element-1890d12 e-con-full e-flex e-con e-child\" data-id=\"1890d12\" data-element_type=\"container\">\n\t\t\t\t<div class=\"elementor-element elementor-element-2e54133 elementor-widget elementor-widget-text-editor\" data-id=\"2e54133\" data-element_type=\"widget\" data-widget_type=\"text-editor.default\">\n\t\t\t\t<div class=\"elementor-widget-container\">\n\t\t\t\t\t\t\t\t\t<p data-start=\"51\" data-end=\"74\"><span style=\"font-size: 1rem;\">O <\/span><strong style=\"font-size: 1rem;\" data-start=\"78\" data-end=\"98\">evento de outlet<\/strong><span style=\"font-size: 1rem;\"> da MART re\u00fane descontos de at\u00e9 <\/span><strong style=\"font-size: 1rem;\" data-start=\"130\" data-end=\"137\">80%<\/strong><span style=\"font-size: 1rem;\"> em itens de linha, favoritos e lan\u00e7amentos.<\/span><\/p><p data-start=\"183\" data-end=\"538\">Uma oportunidade \u00fanica de adquirir os produtos a pre\u00e7os imperd\u00edveis e ter acesso \u00e0s ferramentas exclusivas para clientes. Al\u00e9m do atendimento personalizado, a MART Week oferece uma experi\u00eancia imersiva de conhecer mais sobre a marca, o showroom e os produtos, que possuem curadoria e desenvolvimento baseados nas tend\u00eancias do mercado de casa e decora\u00e7\u00e3o.<\/p><p data-start=\"540\" data-end=\"638\">Nos visite no endere\u00e7o:<br data-start=\"563\" data-end=\"566\" \/>Av. Marqu\u00eas de S\u00e3o Vicente, 1301 \u2013 Cj 1404 \u2013 Barra Funda, S\u00e3o Paulo \u2013 SP<\/p>\t\t\t\t\t\t\t\t<\/div>\n\t\t\t\t<\/div>\n\t\t\t\t<\/div>\n\t\t\t\t\t<\/div>\n\t\t\t\t<\/div>\n\t\t<div class=\"elementor-element elementor-element-7bafd4b e-flex e-con-boxed e-con e-parent\" data-id=\"7bafd4b\" data-element_type=\"container\" data-settings=\"{&quot;background_background&quot;:&quot;classic&quot;}\">\n\t\t\t\t\t<div class=\"e-con-inner\">\n\t\t<div class=\"elementor-element elementor-element-d76dd64 e-con-full e-flex e-con e-child\" data-id=\"d76dd64\" data-element_type=\"container\">\n\t\t\t\t<div class=\"elementor-element elementor-element-0c3f5f4 elementor-widget elementor-widget-image\" data-id=\"0c3f5f4\" data-element_type=\"widget\" data-widget_type=\"image.default\">\n\t\t\t\t<div class=\"elementor-widget-container\">\n\t\t\t\t\t\t\t\t\t\t\t\t\t\t\t<img fetchpriority=\"high\" decoding=\"async\" width=\"1080\" height=\"1080\" src=\"https:\/\/conteudo.martcollection.com.br\/decor\/wp-content\/uploads\/2025\/01\/MART_LOGO_PRETO.png\" class=\"attachment-full size-full wp-image-679\" alt=\"\" srcset=\"https:\/\/conteudo.martcollection.com.br\/decor\/wp-content\/uploads\/2025\/01\/MART_LOGO_PRETO.png 1080w, https:\/\/conteudo.martcollection.com.br\/decor\/wp-content\/uploads\/2025\/01\/MART_LOGO_PRETO-300x300.png 300w, https:\/\/conteudo.martcollection.com.br\/decor\/wp-content\/uploads\/2025\/01\/MART_LOGO_PRETO-1024x1024.png 1024w, https:\/\/conteudo.martcollection.com.br\/decor\/wp-content\/uploads\/2025\/01\/MART_LOGO_PRETO-150x150.png 150w, https:\/\/conteudo.martcollection.com.br\/decor\/wp-content\/uploads\/2025\/01\/MART_LOGO_PRETO-768x768.png 768w\" sizes=\"(max-width: 1080px) 100vw, 1080px\" \/>\t\t\t\t\t\t\t\t\t\t\t\t\t\t\t<\/div>\n\t\t\t\t<\/div>\n\t\t\t\t<\/div>\n\t\t<div class=\"elementor-element elementor-element-eb89b46 e-con-full e-flex e-con e-child\" data-id=\"eb89b46\" data-element_type=\"container\">\n\t\t\t\t<div class=\"elementor-element elementor-element-6d85851 elementor-position-right elementor-vertical-align-middle elementor-mobile-position-right elementor-view-default elementor-widget elementor-widget-icon-box\" data-id=\"6d85851\" data-element_type=\"widget\" data-widget_type=\"icon-box.default\">\n\t\t\t\t<div class=\"elementor-widget-container\">\n\t\t\t\t\t\t\t<div class=\"elementor-icon-box-wrapper\">\n\n\t\t\t\t\t\t<div class=\"elementor-icon-box-icon\">\n\t\t\t\t<a href=\"#topo\" class=\"elementor-icon\" tabindex=\"-1\" aria-label=\"Retornar ao TOPO\">\n\t\t\t\t<svg aria-hidden=\"true\" class=\"e-font-icon-svg e-fas-arrow-up\" viewBox=\"0 0 448 512\" xmlns=\"http:\/\/www.w3.org\/2000\/svg\"><path d=\"M34.9 289.5l-22.2-22.2c-9.4-9.4-9.4-24.6 0-33.9L207 39c9.4-9.4 24.6-9.4 33.9 0l194.3 194.3c9.4 9.4 9.4 24.6 0 33.9L413 289.4c-9.5 9.5-25 9.3-34.3-.4L264 168.6V456c0 13.3-10.7 24-24 24h-32c-13.3 0-24-10.7-24-24V168.6L69.2 289.1c-9.3 9.8-24.8 10-34.3.4z\"><\/path><\/svg>\t\t\t\t<\/a>\n\t\t\t<\/div>\n\t\t\t\n\t\t\t\t\t\t<div class=\"elementor-icon-box-content\">\n\n\t\t\t\t\t\t\t\t\t<span class=\"elementor-icon-box-title\">\n\t\t\t\t\t\t<a href=\"#topo\" >\n\t\t\t\t\t\t\tRetornar ao TOPO\t\t\t\t\t\t<\/a>\n\t\t\t\t\t<\/span>\n\t\t\t\t\n\t\t\t\t\n\t\t\t<\/div>\n\t\t\t\n\t\t<\/div>\n\t\t\t\t\t\t<\/div>\n\t\t\t\t<\/div>\n\t\t\t\t<\/div>\n\t\t\t\t\t<\/div>\n\t\t\t\t<\/div>\n\t\t\t\t<\/div>\n\t\t","protected":false},"excerpt":{"rendered":"<p>INSCREVA-SE E PARTICIPE 00 DIAS 00 HORAS 00 MINUTOS 00 SEGUNDOS CONHE\u00c7A A MART WEEK O evento de outlet da MART re\u00fane descontos de at\u00e9 80% em itens de linha, favoritos e lan\u00e7amentos. Uma oportunidade \u00fanica de adquirir os produtos a pre\u00e7os imperd\u00edveis e ter acesso \u00e0s ferramentas exclusivas para clientes. Al\u00e9m do atendimento personalizado, [&hellip;]<\/p>\n","protected":false},"author":2,"featured_media":0,"parent":0,"menu_order":0,"comment_status":"closed","ping_status":"closed","template":"elementor_header_footer","meta":{"footnotes":""},"class_list":["post-1336","page","type-page","status-publish","hentry"],"yoast_head":"<!-- This site is optimized with the Yoast SEO plugin v24.4 - https:\/\/yoast.com\/wordpress\/plugins\/seo\/ -->\n<title>Outlet 2025 - Mart - Decor<\/title>\n<meta name=\"robots\" content=\"index, follow, max-snippet:-1, max-image-preview:large, max-video-preview:-1\" \/>\n<link rel=\"canonical\" href=\"https:\/\/conteudo.martcollection.com.br\/decor\/outlet_2025\/\" \/>\n<meta property=\"og:locale\" content=\"pt_BR\" \/>\n<meta property=\"og:type\" content=\"article\" \/>\n<meta property=\"og:title\" content=\"Outlet 2025 - Mart - Decor\" \/>\n<meta property=\"og:description\" content=\"INSCREVA-SE E PARTICIPE 00 DIAS 00 HORAS 00 MINUTOS 00 SEGUNDOS CONHE\u00c7A A MART WEEK O evento de outlet da MART re\u00fane descontos de at\u00e9 80% em itens de linha, favoritos e lan\u00e7amentos. Uma oportunidade \u00fanica de adquirir os produtos a pre\u00e7os imperd\u00edveis e ter acesso \u00e0s ferramentas exclusivas para clientes. Al\u00e9m do atendimento personalizado, [&hellip;]\" \/>\n<meta property=\"og:url\" content=\"https:\/\/conteudo.martcollection.com.br\/decor\/outlet_2025\/\" \/>\n<meta property=\"og:site_name\" content=\"Mart - Decor\" \/>\n<meta property=\"article:modified_time\" content=\"2025-05-13T12:30:24+00:00\" \/>\n<meta property=\"og:image\" content=\"https:\/\/conteudo.martcollection.com.br\/decor\/wp-content\/uploads\/2025\/01\/MART_LOGO_PRETO.png\" \/>\n\t<meta property=\"og:image:width\" content=\"1080\" \/>\n\t<meta property=\"og:image:height\" content=\"1080\" \/>\n\t<meta property=\"og:image:type\" content=\"image\/png\" \/>\n<meta name=\"twitter:card\" content=\"summary_large_image\" \/>\n<meta name=\"twitter:label1\" content=\"Est. tempo de leitura\" \/>\n\t<meta name=\"twitter:data1\" content=\"1 minuto\" \/>\n<script type=\"application\/ld+json\" class=\"yoast-schema-graph\">{\"@context\":\"https:\/\/schema.org\",\"@graph\":[{\"@type\":\"WebPage\",\"@id\":\"https:\/\/conteudo.martcollection.com.br\/decor\/outlet_2025\/\",\"url\":\"https:\/\/conteudo.martcollection.com.br\/decor\/outlet_2025\/\",\"name\":\"Outlet 2025 - Mart - Decor\",\"isPartOf\":{\"@id\":\"https:\/\/conteudo.martcollection.com.br\/decor\/#website\"},\"primaryImageOfPage\":{\"@id\":\"https:\/\/conteudo.martcollection.com.br\/decor\/outlet_2025\/#primaryimage\"},\"image\":{\"@id\":\"https:\/\/conteudo.martcollection.com.br\/decor\/outlet_2025\/#primaryimage\"},\"thumbnailUrl\":\"https:\/\/conteudo.martcollection.com.br\/decor\/wp-content\/uploads\/2025\/01\/MART_LOGO_PRETO.png\",\"datePublished\":\"2025-05-12T18:01:11+00:00\",\"dateModified\":\"2025-05-13T12:30:24+00:00\",\"breadcrumb\":{\"@id\":\"https:\/\/conteudo.martcollection.com.br\/decor\/outlet_2025\/#breadcrumb\"},\"inLanguage\":\"pt-BR\",\"potentialAction\":[{\"@type\":\"ReadAction\",\"target\":[\"https:\/\/conteudo.martcollection.com.br\/decor\/outlet_2025\/\"]}]},{\"@type\":\"ImageObject\",\"inLanguage\":\"pt-BR\",\"@id\":\"https:\/\/conteudo.martcollection.com.br\/decor\/outlet_2025\/#primaryimage\",\"url\":\"https:\/\/conteudo.martcollection.com.br\/decor\/wp-content\/uploads\/2025\/01\/MART_LOGO_PRETO.png\",\"contentUrl\":\"https:\/\/conteudo.martcollection.com.br\/decor\/wp-content\/uploads\/2025\/01\/MART_LOGO_PRETO.png\",\"width\":1080,\"height\":1080},{\"@type\":\"BreadcrumbList\",\"@id\":\"https:\/\/conteudo.martcollection.com.br\/decor\/outlet_2025\/#breadcrumb\",\"itemListElement\":[{\"@type\":\"ListItem\",\"position\":1,\"name\":\"In\u00edcio\",\"item\":\"https:\/\/conteudo.martcollection.com.br\/decor\/\"},{\"@type\":\"ListItem\",\"position\":2,\"name\":\"Outlet 2025\"}]},{\"@type\":\"WebSite\",\"@id\":\"https:\/\/conteudo.martcollection.com.br\/decor\/#website\",\"url\":\"https:\/\/conteudo.martcollection.com.br\/decor\/\",\"name\":\"Mart - Decor\",\"description\":\"\",\"publisher\":{\"@id\":\"https:\/\/conteudo.martcollection.com.br\/decor\/#organization\"},\"potentialAction\":[{\"@type\":\"SearchAction\",\"target\":{\"@type\":\"EntryPoint\",\"urlTemplate\":\"https:\/\/conteudo.martcollection.com.br\/decor\/?s={search_term_string}\"},\"query-input\":{\"@type\":\"PropertyValueSpecification\",\"valueRequired\":true,\"valueName\":\"search_term_string\"}}],\"inLanguage\":\"pt-BR\"},{\"@type\":\"Organization\",\"@id\":\"https:\/\/conteudo.martcollection.com.br\/decor\/#organization\",\"name\":\"Mart - Decor\",\"url\":\"https:\/\/conteudo.martcollection.com.br\/decor\/\",\"logo\":{\"@type\":\"ImageObject\",\"inLanguage\":\"pt-BR\",\"@id\":\"https:\/\/conteudo.martcollection.com.br\/decor\/#\/schema\/logo\/image\/\",\"url\":\"https:\/\/conteudo.martcollection.com.br\/decor\/wp-content\/uploads\/2025\/01\/MART_LOGO_PRETO.png\",\"contentUrl\":\"https:\/\/conteudo.martcollection.com.br\/decor\/wp-content\/uploads\/2025\/01\/MART_LOGO_PRETO.png\",\"width\":1080,\"height\":1080,\"caption\":\"Mart - Decor\"},\"image\":{\"@id\":\"https:\/\/conteudo.martcollection.com.br\/decor\/#\/schema\/logo\/image\/\"}}]}<\/script>\n<!-- \/ Yoast SEO plugin. -->","yoast_head_json":{"title":"Outlet 2025 - Mart - Decor","robots":{"index":"index","follow":"follow","max-snippet":"max-snippet:-1","max-image-preview":"max-image-preview:large","max-video-preview":"max-video-preview:-1"},"canonical":"https:\/\/conteudo.martcollection.com.br\/decor\/outlet_2025\/","og_locale":"pt_BR","og_type":"article","og_title":"Outlet 2025 - Mart - Decor","og_description":"INSCREVA-SE E PARTICIPE 00 DIAS 00 HORAS 00 MINUTOS 00 SEGUNDOS CONHE\u00c7A A MART WEEK O evento de outlet da MART re\u00fane descontos de at\u00e9 80% em itens de linha, favoritos e lan\u00e7amentos. Uma oportunidade \u00fanica de adquirir os produtos a pre\u00e7os imperd\u00edveis e ter acesso \u00e0s ferramentas exclusivas para clientes. Al\u00e9m do atendimento personalizado, [&hellip;]","og_url":"https:\/\/conteudo.martcollection.com.br\/decor\/outlet_2025\/","og_site_name":"Mart - Decor","article_modified_time":"2025-05-13T12:30:24+00:00","og_image":[{"width":1080,"height":1080,"url":"https:\/\/conteudo.martcollection.com.br\/decor\/wp-content\/uploads\/2025\/01\/MART_LOGO_PRETO.png","type":"image\/png"}],"twitter_card":"summary_large_image","twitter_misc":{"Est. tempo de leitura":"1 minuto"},"schema":{"@context":"https:\/\/schema.org","@graph":[{"@type":"WebPage","@id":"https:\/\/conteudo.martcollection.com.br\/decor\/outlet_2025\/","url":"https:\/\/conteudo.martcollection.com.br\/decor\/outlet_2025\/","name":"Outlet 2025 - Mart - Decor","isPartOf":{"@id":"https:\/\/conteudo.martcollection.com.br\/decor\/#website"},"primaryImageOfPage":{"@id":"https:\/\/conteudo.martcollection.com.br\/decor\/outlet_2025\/#primaryimage"},"image":{"@id":"https:\/\/conteudo.martcollection.com.br\/decor\/outlet_2025\/#primaryimage"},"thumbnailUrl":"https:\/\/conteudo.martcollection.com.br\/decor\/wp-content\/uploads\/2025\/01\/MART_LOGO_PRETO.png","datePublished":"2025-05-12T18:01:11+00:00","dateModified":"2025-05-13T12:30:24+00:00","breadcrumb":{"@id":"https:\/\/conteudo.martcollection.com.br\/decor\/outlet_2025\/#breadcrumb"},"inLanguage":"pt-BR","potentialAction":[{"@type":"ReadAction","target":["https:\/\/conteudo.martcollection.com.br\/decor\/outlet_2025\/"]}]},{"@type":"ImageObject","inLanguage":"pt-BR","@id":"https:\/\/conteudo.martcollection.com.br\/decor\/outlet_2025\/#primaryimage","url":"https:\/\/conteudo.martcollection.com.br\/decor\/wp-content\/uploads\/2025\/01\/MART_LOGO_PRETO.png","contentUrl":"https:\/\/conteudo.martcollection.com.br\/decor\/wp-content\/uploads\/2025\/01\/MART_LOGO_PRETO.png","width":1080,"height":1080},{"@type":"BreadcrumbList","@id":"https:\/\/conteudo.martcollection.com.br\/decor\/outlet_2025\/#breadcrumb","itemListElement":[{"@type":"ListItem","position":1,"name":"In\u00edcio","item":"https:\/\/conteudo.martcollection.com.br\/decor\/"},{"@type":"ListItem","position":2,"name":"Outlet 2025"}]},{"@type":"WebSite","@id":"https:\/\/conteudo.martcollection.com.br\/decor\/#website","url":"https:\/\/conteudo.martcollection.com.br\/decor\/","name":"Mart - Decor","description":"","publisher":{"@id":"https:\/\/conteudo.martcollection.com.br\/decor\/#organization"},"potentialAction":[{"@type":"SearchAction","target":{"@type":"EntryPoint","urlTemplate":"https:\/\/conteudo.martcollection.com.br\/decor\/?s={search_term_string}"},"query-input":{"@type":"PropertyValueSpecification","valueRequired":true,"valueName":"search_term_string"}}],"inLanguage":"pt-BR"},{"@type":"Organization","@id":"https:\/\/conteudo.martcollection.com.br\/decor\/#organization","name":"Mart - Decor","url":"https:\/\/conteudo.martcollection.com.br\/decor\/","logo":{"@type":"ImageObject","inLanguage":"pt-BR","@id":"https:\/\/conteudo.martcollection.com.br\/decor\/#\/schema\/logo\/image\/","url":"https:\/\/conteudo.martcollection.com.br\/decor\/wp-content\/uploads\/2025\/01\/MART_LOGO_PRETO.png","contentUrl":"https:\/\/conteudo.martcollection.com.br\/decor\/wp-content\/uploads\/2025\/01\/MART_LOGO_PRETO.png","width":1080,"height":1080,"caption":"Mart - Decor"},"image":{"@id":"https:\/\/conteudo.martcollection.com.br\/decor\/#\/schema\/logo\/image\/"}}]}},"_links":{"self":[{"href":"https:\/\/conteudo.martcollection.com.br\/decor\/wp-json\/wp\/v2\/pages\/1336","targetHints":{"allow":["GET"]}}],"collection":[{"href":"https:\/\/conteudo.martcollection.com.br\/decor\/wp-json\/wp\/v2\/pages"}],"about":[{"href":"https:\/\/conteudo.martcollection.com.br\/decor\/wp-json\/wp\/v2\/types\/page"}],"author":[{"embeddable":true,"href":"https:\/\/conteudo.martcollection.com.br\/decor\/wp-json\/wp\/v2\/users\/2"}],"replies":[{"embeddable":true,"href":"https:\/\/conteudo.martcollection.com.br\/decor\/wp-json\/wp\/v2\/comments?post=1336"}],"version-history":[{"count":31,"href":"https:\/\/conteudo.martcollection.com.br\/decor\/wp-json\/wp\/v2\/pages\/1336\/revisions"}],"predecessor-version":[{"id":1370,"href":"https:\/\/conteudo.martcollection.com.br\/decor\/wp-json\/wp\/v2\/pages\/1336\/revisions\/1370"}],"wp:attachment":[{"href":"https:\/\/conteudo.martcollection.com.br\/decor\/wp-json\/wp\/v2\/media?parent=1336"}],"curies":[{"name":"wp","href":"https:\/\/api.w.org\/{rel}","templated":true}]}}